{"id":21,"date":"2018-03-30T11:18:06","date_gmt":"2018-03-30T09:18:06","guid":{"rendered":"https:\/\/www.cdu-neudorf.de\/cms\/?page_id=21"},"modified":"2018-05-14T16:58:29","modified_gmt":"2018-05-14T14:58:29","slug":"impressum","status":"publish","type":"page","link":"https:\/\/www.cdu-neudorf.de\/cms\/impressum\/","title":{"rendered":"Impressum"},"content":{"rendered":"<p><strong>Angaben gem\u00e4\u00df \u00a7 5 TMG:<\/strong><\/p>\n<p>Christlich-Demokratische Union Deutschlands (CDU)<br \/>\nKreisverband Duisburg<br \/>\nOrtsverband Duisburg-Neudorf<br \/>\nvertreten durch die Vorsitzende Petra Vogt<\/p>\n<p>K\u00f6nigstra\u00dfe 7-9<br \/>\n47051 Duisburg<\/p>\n<p>Telefon: 0203 2853930<br \/>\nTelefax: 0203 28539340<\/p>\n<p>E-Mail: info@cdu-neudorf.de<\/p>\n<p>&nbsp;<\/p>\n<p><strong>Verantwortlich f\u00fcr den Inhalt nach \u00a7 55 Abs. 2 RStV<\/strong>:<\/p>\n<p>Petra Vogt<br \/>\nKreisgesch\u00e4ftsstelle des CDU-Kreisverbands Duisburg<\/p>\n<p>K\u00f6nigstra\u00dfe 7-9<br \/>\n47051 Duisburg<\/p>\n<p>Telefon: 0203 2853930<br \/>\nTelefax: 0203 28539340<\/p>\n<p>E-Mail: info@cdu-neudorf.de<\/p>\n<p>&nbsp;<\/p>\n<p>Bei dem Inhalt unserer Internetseiten handelt es sich um urheberrechtlich gesch\u00fctzte Werke. Die CDU gestattet die \u00dcbernahme von Texten in Datenbest\u00e4nde, die ausschlie\u00dflich f\u00fcr den privaten Gebrauch eines Nutzers bestimmt sind. Die \u00dcbernahme und Nutzung der Daten zu anderen Zwecken bedarf der schriftlichen Zustimmung der Partei.<\/p>\n<p>Haftungshinweis: Im Rahmen unseres Dienstes werden auch Links zu Internetinhalten anderer Anbieter bereitgestellt. Auf den Inhalt dieser Seiten haben wir keinen Einfluss; f\u00fcr den Inhalt ist ausschlie\u00dflich der Betreiber der anderen Website verantwortlich. Trotz der \u00dcberpr\u00fcfung der Inhalte im gesetzlich gebotenen Rahmen m\u00fcssen wir daher jede Verantwortung f\u00fcr den Inhalt dieser Links bzw. der verlinkten Seite ablehnen.<\/p>\n","protected":false},"excerpt":{"rendered":"<p>Angaben gem\u00e4\u00df \u00a7 5 TMG: Christlich-Demokratische Union Deutschlands (CDU) Kreisverband Duisburg Ortsverband Duisburg-Neudorf vertreten durch die Vorsitzende Petra Vogt K\u00f6nigstra\u00dfe 7-9 47051 Duisburg Telefon: 0203 2853930 Telefax: 0203 28539340 E-Mail: info@cdu-neudorf.de &nbsp; Verantwortlich f\u00fcr den Inhalt nach \u00a7 55 Abs. 2 RStV: Petra Vogt Kreisgesch\u00e4ftsstelle des CDU-Kreisverbands Duisburg K\u00f6nigstra\u00dfe 7-9 47051 Duisburg Telefon: 0203 2853930 [&hellip;]<\/p>\n","protected":false},"author":1,"featured_media":0,"parent":0,"menu_order":0,"comment_status":"closed","ping_status":"closed","template":"","meta":{"footnotes":""},"class_list":["post-21","page","type-page","status-publish","hentry"],"_links":{"self":[{"href":"https:\/\/www.cdu-neudorf.de\/cms\/wp-json\/wp\/v2\/pages\/21","targetHints":{"allow":["GET"]}}],"collection":[{"href":"https:\/\/www.cdu-neudorf.de\/cms\/wp-json\/wp\/v2\/pages"}],"about":[{"href":"https:\/\/www.cdu-neudorf.de\/cms\/wp-json\/wp\/v2\/types\/page"}],"author":[{"embeddable":true,"href":"https:\/\/www.cdu-neudorf.de\/cms\/wp-json\/wp\/v2\/users\/1"}],"replies":[{"embeddable":true,"href":"https:\/\/www.cdu-neudorf.de\/cms\/wp-json\/wp\/v2\/comments?post=21"}],"version-history":[{"count":5,"href":"https:\/\/www.cdu-neudorf.de\/cms\/wp-json\/wp\/v2\/pages\/21\/revisions"}],"predecessor-version":[{"id":170,"href":"https:\/\/www.cdu-neudorf.de\/cms\/wp-json\/wp\/v2\/pages\/21\/revisions\/170"}],"wp:attachment":[{"href":"https:\/\/www.cdu-neudorf.de\/cms\/wp-json\/wp\/v2\/media?parent=21"}],"curies":[{"name":"wp","href":"https:\/\/api.w.org\/{rel}","templated":true}]}}